{"id":1536,"date":"2023-01-25T11:59:44","date_gmt":"2023-01-25T11:59:44","guid":{"rendered":"https:\/\/29e4aaa2-b025-48da-b57e-79ef59e549ee.eu02.conves.io\/?page_id=1536"},"modified":"2025-08-19T12:53:10","modified_gmt":"2025-08-19T12:53:10","slug":"partners","status":"publish","type":"page","link":"https:\/\/wesport-project.eu\/it\/partners\/","title":{"rendered":"Partner"},"content":{"rendered":"<div data-elementor-type=\"wp-page\" data-elementor-id=\"1536\" class=\"elementor elementor-1536\">\n\t\t\t\t<div class=\"has_eae_slider elementor-element elementor-element-69de66b e-flex e-con-boxed e-con e-parent\" data-eae-slider=\"75620\" data-id=\"69de66b\" data-element_type=\"container\" data-e-type=\"container\" data-settings=\"{&quot;background_background&quot;:&quot;classic&quot;}\">\n\t\t\t\t\t<div class=\"e-con-inner\">\n\t\t\t\t<div class=\"elementor-element elementor-element-beb3647 elementor-widget elementor-widget-image\" data-id=\"beb3647\" data-element_type=\"widget\" data-e-type=\"widget\" data-settings=\"{&quot;_animation&quot;:&quot;none&quot;}\" data-widget_type=\"image.default\">\n\t\t\t\t<div class=\"elementor-widget-container\">\n\t\t\t\t\t\t\t\t\t\t\t\t\t\t\t<img fetchpriority=\"high\" decoding=\"async\" width=\"843\" height=\"486\" src=\"https:\/\/wesport-project.eu\/wp-content\/uploads\/2024\/02\/PARTNERS-1024x590.jpg\" class=\"attachment-large size-large wp-image-2416\" alt=\"\" srcset=\"https:\/\/wesport-project.eu\/wp-content\/uploads\/2024\/02\/PARTNERS-1024x590.jpg 1024w, https:\/\/wesport-project.eu\/wp-content\/uploads\/2024\/02\/PARTNERS-300x173.jpg 300w, https:\/\/wesport-project.eu\/wp-content\/uploads\/2024\/02\/PARTNERS-768x443.jpg 768w, https:\/\/wesport-project.eu\/wp-content\/uploads\/2024\/02\/PARTNERS-1536x885.jpg 1536w, https:\/\/wesport-project.eu\/wp-content\/uploads\/2024\/02\/PARTNERS-2048x1180.jpg 2048w, https:\/\/wesport-project.eu\/wp-content\/uploads\/2024\/02\/PARTNERS-18x10.jpg 18w\" sizes=\"(max-width: 843px) 100vw, 843px\" \/>\t\t\t\t\t\t\t\t\t\t\t\t\t\t\t<\/div>\n\t\t\t\t<\/div>\n\t\t\t\t<div class=\"elementor-element elementor-element-34a52bc elementor-widget elementor-widget-heading\" data-id=\"34a52bc\" data-element_type=\"widget\" data-e-type=\"widget\" data-widget_type=\"heading.default\">\n\t\t\t\t<div class=\"elementor-widget-container\">\n\t\t\t\t\t<h2 class=\"elementor-heading-title elementor-size-default\">PARTNER<\/h2>\t\t\t\t<\/div>\n\t\t\t\t<\/div>\n\t\t\t\t\t<\/div>\n\t\t\t\t<\/div>\n\t\t\t\t<section class=\"has_eae_slider elementor-section elementor-top-section elementor-element elementor-element-1674a5e elementor-section-boxed elementor-section-height-default elementor-section-height-default\" data-eae-slider=\"43307\" data-id=\"1674a5e\" data-element_type=\"section\" data-e-type=\"section\" data-settings=\"{&quot;background_background&quot;:&quot;classic&quot;}\">\n\t\t\t\t\t\t<div class=\"elementor-container elementor-column-gap-default\">\n\t\t\t\t\t<div class=\"has_eae_slider elementor-column elementor-col-50 elementor-top-column elementor-element elementor-element-3e022b6\" data-eae-slider=\"34001\" data-id=\"3e022b6\" data-element_type=\"column\" data-e-type=\"column\" data-settings=\"{&quot;background_background&quot;:&quot;classic&quot;}\">\n\t\t\t<div class=\"elementor-widget-wrap elementor-element-populated\">\n\t\t\t\t\t\t<div class=\"elementor-element elementor-element-8423895 elementor-widget elementor-widget-image\" data-id=\"8423895\" data-element_type=\"widget\" data-e-type=\"widget\" data-widget_type=\"image.default\">\n\t\t\t\t<div class=\"elementor-widget-container\">\n\t\t\t\t\t\t\t\t\t\t\t\t\t\t\t<img decoding=\"async\" width=\"843\" height=\"566\" src=\"https:\/\/wesport-project.eu\/wp-content\/uploads\/2023\/07\/MVNGO-Logo-1024x688.png\" class=\"attachment-large size-large wp-image-1987\" alt=\"\" srcset=\"https:\/\/wesport-project.eu\/wp-content\/uploads\/2023\/07\/MVNGO-Logo-1024x688.png 1024w, https:\/\/wesport-project.eu\/wp-content\/uploads\/2023\/07\/MVNGO-Logo-300x202.png 300w, https:\/\/wesport-project.eu\/wp-content\/uploads\/2023\/07\/MVNGO-Logo-768x516.png 768w, https:\/\/wesport-project.eu\/wp-content\/uploads\/2023\/07\/MVNGO-Logo-18x12.png 18w\" sizes=\"(max-width: 843px) 100vw, 843px\" \/>\t\t\t\t\t\t\t\t\t\t\t\t\t\t\t<\/div>\n\t\t\t\t<\/div>\n\t\t\t\t<div class=\"elementor-element elementor-element-66bc03b elementor-widget elementor-widget-heading\" data-id=\"66bc03b\" data-element_type=\"widget\" data-e-type=\"widget\" data-widget_type=\"heading.default\">\n\t\t\t\t<div class=\"elementor-widget-container\">\n\t\t\t\t\t<h2 class=\"elementor-heading-title elementor-size-default\">Mine Vaganti ONG<\/h2>\t\t\t\t<\/div>\n\t\t\t\t<\/div>\n\t\t\t\t<div class=\"elementor-element elementor-element-6588d31 elementor-widget elementor-widget-heading\" data-id=\"6588d31\" data-element_type=\"widget\" data-e-type=\"widget\" data-widget_type=\"heading.default\">\n\t\t\t\t<div class=\"elementor-widget-container\">\n\t\t\t\t\t<h2 class=\"elementor-heading-title elementor-size-default\">Italia<\/h2>\t\t\t\t<\/div>\n\t\t\t\t<\/div>\n\t\t\t\t<div class=\"elementor-element elementor-element-5328f96 elementor-widget elementor-widget-text-editor\" data-id=\"5328f96\" data-element_type=\"widget\" data-e-type=\"widget\" data-widget_type=\"text-editor.default\">\n\t\t\t\t<div class=\"elementor-widget-container\">\n\t\t\t\t\t\t\t\t\t<p><span data-contrast=\"none\">\"Mine Vaganti ONG\" (MVNGO) \u00e8 un'organizzazione non profit nata in Sardegna nel 2009.<\/span><span data-ccp-props=\"{&quot;335551550&quot;:6,&quot;335551620&quot;:6,&quot;335559685&quot;:0}\">\u00a0<\/span><\/p><p><span data-contrast=\"none\">\"Mine Vaganti\" significa qualcosa di dinamico.<\/span><span data-ccp-props=\"{&quot;335551550&quot;:6,&quot;335551620&quot;:6,&quot;335559685&quot;:0}\">\u00a0<\/span><\/p><p><span data-contrast=\"none\">Per il nostro staff di professionisti significa essere imprenditori sociali e mantenere la passione per gli scopi sociali, in un concetto moderno di ONG.<\/span><span data-ccp-props=\"{&quot;335551550&quot;:6,&quot;335551620&quot;:6,&quot;335559685&quot;:0}\">\u00a0<\/span><\/p><p><span data-contrast=\"none\">MVNGO svolge le sue attivit\u00e0 a livello globale con le sedi di Sassari, Alghero, Berlino e vari HUB.<\/span><span data-ccp-props=\"{&quot;335551550&quot;:6,&quot;335551620&quot;:6,&quot;335559685&quot;:0}\">\u00a0<\/span><\/p>\t\t\t\t\t\t\t\t<\/div>\n\t\t\t\t<\/div>\n\t\t\t\t\t<\/div>\n\t\t<\/div>\n\t\t\t\t<div class=\"has_eae_slider elementor-column elementor-col-50 elementor-top-column elementor-element elementor-element-0f692ef\" data-eae-slider=\"77747\" data-id=\"0f692ef\" data-element_type=\"column\" data-e-type=\"column\" data-settings=\"{&quot;background_background&quot;:&quot;classic&quot;}\">\n\t\t\t<div class=\"elementor-widget-wrap elementor-element-populated\">\n\t\t\t\t\t\t<div class=\"elementor-element elementor-element-4518278 elementor-widget elementor-widget-heading\" data-id=\"4518278\" data-element_type=\"widget\" data-e-type=\"widget\" data-widget_type=\"heading.default\">\n\t\t\t\t<div class=\"elementor-widget-container\">\n\t\t\t\t\t<h2 class=\"elementor-heading-title elementor-size-default\">ASD Pallamano Conversano Femminile 2018<\/h2>\t\t\t\t<\/div>\n\t\t\t\t<\/div>\n\t\t\t\t<div class=\"elementor-element elementor-element-bb1e5fe elementor-widget elementor-widget-heading\" data-id=\"bb1e5fe\" data-element_type=\"widget\" data-e-type=\"widget\" data-widget_type=\"heading.default\">\n\t\t\t\t<div class=\"elementor-widget-container\">\n\t\t\t\t\t<h2 class=\"elementor-heading-title elementor-size-default\">Italia<\/h2>\t\t\t\t<\/div>\n\t\t\t\t<\/div>\n\t\t\t\t<div class=\"elementor-element elementor-element-538c7b3 elementor-widget elementor-widget-text-editor\" data-id=\"538c7b3\" data-element_type=\"widget\" data-e-type=\"widget\" data-widget_type=\"text-editor.default\">\n\t\t\t\t<div class=\"elementor-widget-container\">\n\t\t\t\t\t\t\t\t\t<p><span class=\"TextRun SCXW40207480 BCX0\" lang=\"IT-IT\" xml:lang=\"IT-IT\" data-contrast=\"none\"><span class=\"NormalTextRun SCXW40207480 BCX0\">ASD <\/span><span class=\"NormalTextRun SCXW40207480 BCX0\">Pallamano<\/span><span class=\"NormalTextRun SCXW40207480 BCX0\"> Conversano Femminile-<\/span><span class=\"NormalTextRun SCXW40207480 BCX0\">AccademiaPallamano<\/span><span class=\"NormalTextRun SCXW40207480 BCX0\"> Conversano <\/span><span class=\"NormalTextRun SCXW40207480 BCX0\">\u00e8<\/span> <span class=\"NormalTextRun SCXW40207480 BCX0\">afemalehandball<\/span> <span class=\"NormalTextRun SCXW40207480 BCX0\">club, fondato<\/span><span class=\"NormalTextRun SCXW40207480 BCX0\"> nel <\/span><span class=\"NormalTextRun SCXW40207480 BCX0\">Pugliese<\/span><span class=\"NormalTextRun SCXW40207480 BCX0\"> citt\u00e0 di Conversano, <\/span><span class=\"NormalTextRun SCXW40207480 BCX0\">che<\/span><span class=\"NormalTextRun SCXW40207480 BCX0\"> giochi <\/span><span class=\"NormalTextRun SCXW40207480 BCX0\">nel<\/span><span class=\"NormalTextRun SCXW40207480 BCX0\"> A1 <\/span><span class=\"NormalTextRun SCXW40207480 BCX0\">serie<\/span><span class=\"NormalTextRun SCXW40207480 BCX0\"> del <\/span><span class=\"NormalTextRun SCXW40207480 BCX0\">Italiano<\/span> <span class=\"NormalTextRun SCXW40207480 BCX0\">campionato di pallamano<\/span><span class=\"NormalTextRun SCXW40207480 BCX0\">. <\/span><span class=\"NormalTextRun SCXW40207480 BCX0\">Esso<\/span> <span class=\"NormalTextRun SCXW40207480 BCX0\">\u00e8<\/span><span class=\"NormalTextRun SCXW40207480 BCX0\"> uno dei <\/span><span class=\"NormalTextRun SCXW40207480 BCX0\">pi\u00f9<\/span> <span class=\"NormalTextRun SCXW40207480 BCX0\">intitolato<\/span> <span class=\"NormalTextRun SCXW40207480 BCX0\">pallamano<\/span><span class=\"NormalTextRun SCXW40207480 BCX0\"> club in Europa e nel <\/span><span class=\"NormalTextRun SCXW40207480 BCX0\">pi\u00f9<\/span> <span class=\"NormalTextRun SCXW40207480 BCX0\">intitolato<\/span><span class=\"NormalTextRun SCXW40207480 BCX0\"> in Italia.<\/span><\/span><span class=\"EOP SCXW40207480 BCX0\" data-ccp-props=\"{&quot;335551550&quot;:6,&quot;335551620&quot;:6,&quot;335559685&quot;:0}\">\u00a0<\/span><\/p>\t\t\t\t\t\t\t\t<\/div>\n\t\t\t\t<\/div>\n\t\t\t\t\t<\/div>\n\t\t<\/div>\n\t\t\t\t\t<\/div>\n\t\t<\/section>\n\t\t\t\t<section class=\"has_eae_slider elementor-section elementor-top-section elementor-element elementor-element-911916a elementor-section-boxed elementor-section-height-default elementor-section-height-default\" data-eae-slider=\"63001\" data-id=\"911916a\" data-element_type=\"section\" data-e-type=\"section\" data-settings=\"{&quot;background_background&quot;:&quot;classic&quot;}\">\n\t\t\t\t\t\t<div class=\"elementor-container elementor-column-gap-default\">\n\t\t\t\t\t<div class=\"has_eae_slider elementor-column elementor-col-50 elementor-top-column elementor-element elementor-element-e71d08a\" data-eae-slider=\"18389\" data-id=\"e71d08a\" data-element_type=\"column\" data-e-type=\"column\" data-settings=\"{&quot;background_background&quot;:&quot;classic&quot;}\">\n\t\t\t<div class=\"elementor-widget-wrap elementor-element-populated\">\n\t\t\t\t\t\t<div class=\"elementor-element elementor-element-f90b831 elementor-widget elementor-widget-image\" data-id=\"f90b831\" data-element_type=\"widget\" data-e-type=\"widget\" data-widget_type=\"image.default\">\n\t\t\t\t<div class=\"elementor-widget-container\">\n\t\t\t\t\t\t\t\t\t\t\t\t\t\t\t<img decoding=\"async\" width=\"843\" height=\"458\" src=\"https:\/\/wesport-project.eu\/wp-content\/uploads\/2024\/02\/327264038_730109498734652_3266212036728875502_n-e1709051853241-1024x556.png\" class=\"attachment-large size-large wp-image-2455\" alt=\"\" srcset=\"https:\/\/wesport-project.eu\/wp-content\/uploads\/2024\/02\/327264038_730109498734652_3266212036728875502_n-e1709051853241-1024x556.png 1024w, https:\/\/wesport-project.eu\/wp-content\/uploads\/2024\/02\/327264038_730109498734652_3266212036728875502_n-e1709051853241-300x163.png 300w, https:\/\/wesport-project.eu\/wp-content\/uploads\/2024\/02\/327264038_730109498734652_3266212036728875502_n-e1709051853241-768x417.png 768w, https:\/\/wesport-project.eu\/wp-content\/uploads\/2024\/02\/327264038_730109498734652_3266212036728875502_n-e1709051853241-18x10.png 18w, https:\/\/wesport-project.eu\/wp-content\/uploads\/2024\/02\/327264038_730109498734652_3266212036728875502_n-e1709051853241.png 1370w\" sizes=\"(max-width: 843px) 100vw, 843px\" \/>\t\t\t\t\t\t\t\t\t\t\t\t\t\t\t<\/div>\n\t\t\t\t<\/div>\n\t\t\t\t<div class=\"elementor-element elementor-element-5d412e8 elementor-widget elementor-widget-heading\" data-id=\"5d412e8\" data-element_type=\"widget\" data-e-type=\"widget\" data-widget_type=\"heading.default\">\n\t\t\t\t<div class=\"elementor-widget-container\">\n\t\t\t\t\t<h2 class=\"elementor-heading-title elementor-size-default\">ADEL SLOVACCHIA<\/h2>\t\t\t\t<\/div>\n\t\t\t\t<\/div>\n\t\t\t\t<div class=\"elementor-element elementor-element-da407cf elementor-widget elementor-widget-heading\" data-id=\"da407cf\" data-element_type=\"widget\" data-e-type=\"widget\" data-widget_type=\"heading.default\">\n\t\t\t\t<div class=\"elementor-widget-container\">\n\t\t\t\t\t<h2 class=\"elementor-heading-title elementor-size-default\">Slovacchia<\/h2>\t\t\t\t<\/div>\n\t\t\t\t<\/div>\n\t\t\t\t<div class=\"elementor-element elementor-element-90db042 elementor-widget elementor-widget-text-editor\" data-id=\"90db042\" data-element_type=\"widget\" data-e-type=\"widget\" data-widget_type=\"text-editor.default\">\n\t\t\t\t<div class=\"elementor-widget-container\">\n\t\t\t\t\t\t\t\t\t<p><span data-contrast=\"none\">Organizziamo diversi progetti, formazioni, scambi giovanili e altre attivit\u00e0 o eventi educativi, conduciamo ricerche e analisi e collaboriamo con un'ampia rete di istituzioni gi\u00e0 dal 2013.<\/span><span data-ccp-props=\"{&quot;335551550&quot;:6,&quot;335551620&quot;:6,&quot;335559685&quot;:0}\">\u00a0<\/span><\/p><p><span data-contrast=\"none\">ADEL SLOVACCHIA ha sede nella capitale Bratislava, ma organizza diverse attivit\u00e0 in tutta la Slovacchia. Abbiamo costruito una forte rete di cooperazione con altre organizzazioni, scuole, universit\u00e0, club sportivi sia a livello internazionale che locale. Durante tutti i nostri progetti e le nostre attivit\u00e0, utilizziamo un'ampia gamma di metodi educativi innovativi e interattivi, basati sulla partecipazione attiva, sull'inclusione sociale e sull'apprendimento interculturale.<\/span><span data-ccp-props=\"{&quot;335551550&quot;:6,&quot;335551620&quot;:6,&quot;335559685&quot;:0}\">\u00a0<\/span><\/p>\t\t\t\t\t\t\t\t<\/div>\n\t\t\t\t<\/div>\n\t\t\t\t\t<\/div>\n\t\t<\/div>\n\t\t\t\t<div class=\"has_eae_slider elementor-column elementor-col-50 elementor-top-column elementor-element elementor-element-f2beff5\" data-eae-slider=\"71530\" data-id=\"f2beff5\" data-element_type=\"column\" data-e-type=\"column\" data-settings=\"{&quot;background_background&quot;:&quot;classic&quot;}\">\n\t\t\t<div class=\"elementor-widget-wrap elementor-element-populated\">\n\t\t\t\t\t\t<div class=\"elementor-element elementor-element-15a82c5 elementor-widget elementor-widget-image\" data-id=\"15a82c5\" data-element_type=\"widget\" data-e-type=\"widget\" data-widget_type=\"image.default\">\n\t\t\t\t<div class=\"elementor-widget-container\">\n\t\t\t\t\t\t\t\t\t\t\t\t\t\t\t<img loading=\"lazy\" decoding=\"async\" width=\"256\" height=\"197\" src=\"https:\/\/wesport-project.eu\/wp-content\/uploads\/2024\/02\/indir.png\" class=\"attachment-large size-large wp-image-2456\" alt=\"\" srcset=\"https:\/\/wesport-project.eu\/wp-content\/uploads\/2024\/02\/indir.png 256w, https:\/\/wesport-project.eu\/wp-content\/uploads\/2024\/02\/indir-16x12.png 16w\" sizes=\"(max-width: 256px) 100vw, 256px\" \/>\t\t\t\t\t\t\t\t\t\t\t\t\t\t\t<\/div>\n\t\t\t\t<\/div>\n\t\t\t\t<div class=\"elementor-element elementor-element-5d681d7 elementor-widget elementor-widget-heading\" data-id=\"5d681d7\" data-element_type=\"widget\" data-e-type=\"widget\" data-widget_type=\"heading.default\">\n\t\t\t\t<div class=\"elementor-widget-container\">\n\t\t\t\t\t<h2 class=\"elementor-heading-title elementor-size-default\">MUNDUS BULGARIA<\/h2>\t\t\t\t<\/div>\n\t\t\t\t<\/div>\n\t\t\t\t<div class=\"elementor-element elementor-element-cf51b70 elementor-widget elementor-widget-heading\" data-id=\"cf51b70\" data-element_type=\"widget\" data-e-type=\"widget\" data-widget_type=\"heading.default\">\n\t\t\t\t<div class=\"elementor-widget-container\">\n\t\t\t\t\t<h2 class=\"elementor-heading-title elementor-size-default\">Bulgaria<\/h2>\t\t\t\t<\/div>\n\t\t\t\t<\/div>\n\t\t\t\t<div class=\"elementor-element elementor-element-061c9f2 elementor-widget elementor-widget-text-editor\" data-id=\"061c9f2\" data-element_type=\"widget\" data-e-type=\"widget\" data-widget_type=\"text-editor.default\">\n\t\t\t\t<div class=\"elementor-widget-container\">\n\t\t\t\t\t\t\t\t\t<p><span data-contrast=\"none\">La nostra organizzazione non governativa opera in vari settori del programma Erasmus+, un'iniziativa dell'Unione Europea a sostegno dell'istruzione, della formazione, dei giovani e dello sport. Attraverso Erasmus+ abbiamo l'opportunit\u00e0 di impegnarci in una cooperazione internazionale con altre organizzazioni e individui in tutto il mondo.<\/span><span data-ccp-props=\"{&quot;335551550&quot;:6,&quot;335551620&quot;:6,&quot;335559685&quot;:0}\">\u00a0<\/span><\/p><p><span data-contrast=\"none\">Uno dei nostri obiettivi principali \u00e8 promuovere l'inclusione sociale e il volontariato, poich\u00e9 crediamo che tutti debbano avere l'opportunit\u00e0 di contribuire alla propria comunit\u00e0 e di avere un impatto positivo. Offriamo una serie di programmi e iniziative volti a incoraggiare il volontariato e a promuovere l'inclusione sociale, compresi progetti che si concentrano su questioni come la povert\u00e0, la disuguaglianza e la discriminazione.<\/span><span data-ccp-props=\"{&quot;335551550&quot;:6,&quot;335551620&quot;:6,&quot;335559685&quot;:0}\">\u00a0<\/span><\/p>\t\t\t\t\t\t\t\t<\/div>\n\t\t\t\t<\/div>\n\t\t\t\t\t<\/div>\n\t\t<\/div>\n\t\t\t\t\t<\/div>\n\t\t<\/section>\n\t\t\t\t<section class=\"has_eae_slider elementor-section elementor-top-section elementor-element elementor-element-af9222f elementor-section-boxed elementor-section-height-default elementor-section-height-default\" data-eae-slider=\"25058\" data-id=\"af9222f\" data-element_type=\"section\" data-e-type=\"section\" data-settings=\"{&quot;background_background&quot;:&quot;classic&quot;}\">\n\t\t\t\t\t\t<div class=\"elementor-container elementor-column-gap-default\">\n\t\t\t\t\t<div class=\"has_eae_slider elementor-column elementor-col-33 elementor-top-column elementor-element elementor-element-0556c2c\" data-eae-slider=\"59753\" data-id=\"0556c2c\" data-element_type=\"column\" data-e-type=\"column\">\n\t\t\t<div class=\"elementor-widget-wrap\">\n\t\t\t\t\t\t\t<\/div>\n\t\t<\/div>\n\t\t\t\t<div class=\"has_eae_slider elementor-column elementor-col-33 elementor-top-column elementor-element elementor-element-732a51a\" data-eae-slider=\"63990\" data-id=\"732a51a\" data-element_type=\"column\" data-e-type=\"column\" data-settings=\"{&quot;background_background&quot;:&quot;classic&quot;}\">\n\t\t\t<div class=\"elementor-widget-wrap elementor-element-populated\">\n\t\t\t\t\t\t<div class=\"elementor-element elementor-element-1418be7 elementor-widget elementor-widget-heading\" data-id=\"1418be7\" data-element_type=\"widget\" data-e-type=\"widget\" data-widget_type=\"heading.default\">\n\t\t\t\t<div class=\"elementor-widget-container\">\n\t\t\t\t\t<h2 class=\"elementor-heading-title elementor-size-default\">Organizzazione Ginnastica Musicale Panserraikos<\/h2>\t\t\t\t<\/div>\n\t\t\t\t<\/div>\n\t\t\t\t<div class=\"elementor-element elementor-element-a7d7abd elementor-widget elementor-widget-heading\" data-id=\"a7d7abd\" data-element_type=\"widget\" data-e-type=\"widget\" data-widget_type=\"heading.default\">\n\t\t\t\t<div class=\"elementor-widget-container\">\n\t\t\t\t\t<h2 class=\"elementor-heading-title elementor-size-default\">Grecia<\/h2>\t\t\t\t<\/div>\n\t\t\t\t<\/div>\n\t\t\t\t<div class=\"elementor-element elementor-element-36e1690 elementor-widget elementor-widget-text-editor\" data-id=\"36e1690\" data-element_type=\"widget\" data-e-type=\"widget\" data-widget_type=\"text-editor.default\">\n\t\t\t\t<div class=\"elementor-widget-container\">\n\t\t\t\t\t\t\t\t\t<p><span class=\"TextRun SCXW152713011 BCX0\" lang=\"EN-GB\" xml:lang=\"EN-GB\" data-contrast=\"none\"><span class=\"NormalTextRun SCXW152713011 BCX0\">Il MGS <\/span><span class=\"SpellingError SCXW152713011 BCX0\">Panserraikos<\/span><span class=\"NormalTextRun SCXW152713011 BCX0\"> Il Club storico, con sede a Serres, dal 1964, ha sviluppato grandi <\/span><span class=\"SpellingError SCXW152713011 BCX0\">dinamismo, in<\/span><span class=\"NormalTextRun SCXW152713011 BCX0\"> decine di sport, nei suoi 55 anni di attivit\u00e0 su tutto il territorio greco. <\/span><span class=\"SpellingError SCXW152713011 BCX0\">Panserraikos<\/span><span class=\"NormalTextRun SCXW152713011 BCX0\"> Il club conta attualmente 14+1 squadre attive maschili e femminili (calcio, basket, nuoto, nuoto sincronizzato, pallanuoto, nuoto tecnico, pallamano, hockey su ghiaccio, ciclismo, triathlon, atletica leggera, sci alpino, robotica, e-games) pi\u00f9 5 squadre attive per atleti con disabilit\u00e0.<\/span><\/span><span class=\"EOP SCXW152713011 BCX0\" data-ccp-props=\"{&quot;335551550&quot;:6,&quot;335551620&quot;:6,&quot;335559685&quot;:0}\">\u00a0<\/span><\/p>\t\t\t\t\t\t\t\t<\/div>\n\t\t\t\t<\/div>\n\t\t\t\t\t<\/div>\n\t\t<\/div>\n\t\t\t\t<div class=\"has_eae_slider elementor-column elementor-col-33 elementor-top-column elementor-element elementor-element-4580f97\" data-eae-slider=\"18095\" data-id=\"4580f97\" data-element_type=\"column\" data-e-type=\"column\">\n\t\t\t<div class=\"elementor-widget-wrap\">\n\t\t\t\t\t\t\t<\/div>\n\t\t<\/div>\n\t\t\t\t\t<\/div>\n\t\t<\/section>\n\t\t\t\t<\/div>","protected":false},"excerpt":{"rendered":"<p>PARTNERS Mine Vaganti NGO Italy \u201cMine Vaganti NGO\u201d(MVNGO) is a non-profit organisation born in Sardinia in 2009.\u00a0 \u201cMine Vaganti\u201d means something dynamic.\u00a0 For out staff&hellip;<\/p>","protected":false},"author":1,"featured_media":0,"parent":0,"menu_order":0,"comment_status":"closed","ping_status":"closed","template":"","meta":{"footnotes":""},"class_list":["post-1536","page","type-page","status-publish","hentry"],"_links":{"self":[{"href":"https:\/\/wesport-project.eu\/it\/wp-json\/wp\/v2\/pages\/1536","targetHints":{"allow":["GET"]}}],"collection":[{"href":"https:\/\/wesport-project.eu\/it\/wp-json\/wp\/v2\/pages"}],"about":[{"href":"https:\/\/wesport-project.eu\/it\/wp-json\/wp\/v2\/types\/page"}],"author":[{"embeddable":true,"href":"https:\/\/wesport-project.eu\/it\/wp-json\/wp\/v2\/users\/1"}],"replies":[{"embeddable":true,"href":"https:\/\/wesport-project.eu\/it\/wp-json\/wp\/v2\/comments?post=1536"}],"version-history":[{"count":58,"href":"https:\/\/wesport-project.eu\/it\/wp-json\/wp\/v2\/pages\/1536\/revisions"}],"predecessor-version":[{"id":2549,"href":"https:\/\/wesport-project.eu\/it\/wp-json\/wp\/v2\/pages\/1536\/revisions\/2549"}],"wp:attachment":[{"href":"https:\/\/wesport-project.eu\/it\/wp-json\/wp\/v2\/media?parent=1536"}],"curies":[{"name":"wp","href":"https:\/\/api.w.org\/{rel}","templated":true}]}}